{"id":76,"date":"2023-02-04T12:57:03","date_gmt":"2023-02-04T12:57:03","guid":{"rendered":"https:\/\/matthiasvondaak.de\/?page_id=76"},"modified":"2024-07-04T05:19:38","modified_gmt":"2024-07-04T05:19:38","slug":"ueber_mich","status":"publish","type":"page","link":"https:\/\/matthiasvondaak.de\/en\/ueber_mich\/","title":{"rendered":"About me"},"content":{"rendered":"<div data-elementor-type=\"wp-page\" data-elementor-id=\"76\" class=\"elementor elementor-76\" data-elementor-post-type=\"page\">\n\t\t\t\t<div class=\"elementor-element elementor-element-65139cb e-flex e-con-boxed elementor-invisible e-con e-parent\" data-id=\"65139cb\" data-element_type=\"container\" data-e-type=\"container\" data-settings=\"{&quot;background_background&quot;:&quot;classic&quot;,&quot;animation&quot;:&quot;fadeIn&quot;}\">\n\t\t\t\t\t<div class=\"e-con-inner\">\n\t\t<div class=\"elementor-element elementor-element-5138c51 e-con-full e-flex e-con e-child\" data-id=\"5138c51\" data-element_type=\"container\" data-e-type=\"container\" data-settings=\"{&quot;background_background&quot;:&quot;classic&quot;}\">\n\t\t\t\t<\/div>\n\t\t<div class=\"elementor-element elementor-element-43204a0 e-con-full e-flex elementor-invisible e-con e-child\" data-id=\"43204a0\" data-element_type=\"container\" data-e-type=\"container\" data-settings=\"{&quot;animation&quot;:&quot;fadeIn&quot;,&quot;animation_delay&quot;:600}\">\n\t\t\t\t<div class=\"elementor-element elementor-element-3471dc2 elementor-widget elementor-widget-heading\" data-id=\"3471dc2\" data-element_type=\"widget\" data-e-type=\"widget\" data-widget_type=\"heading.default\">\n\t\t\t\t<div class=\"elementor-widget-container\">\n\t\t\t\t\t<h2 class=\"elementor-heading-title elementor-size-default\">About me<\/h2>\t\t\t\t<\/div>\n\t\t\t\t<\/div>\n\t\t\t\t<div class=\"elementor-element elementor-element-ea66033 elementor-widget elementor-widget-heading\" data-id=\"ea66033\" data-element_type=\"widget\" data-e-type=\"widget\" data-widget_type=\"heading.default\">\n\t\t\t\t<div class=\"elementor-widget-container\">\n\t\t\t\t\t<h1 class=\"elementor-heading-title elementor-size-default\">Dr.-Ing. Matthias von Daak<\/h1>\t\t\t\t<\/div>\n\t\t\t\t<\/div>\n\t\t\t\t<div class=\"elementor-element elementor-element-a6138ab elementor-widget elementor-widget-text-editor\" data-id=\"a6138ab\" data-element_type=\"widget\" data-e-type=\"widget\" data-widget_type=\"text-editor.default\">\n\t\t\t\t<div class=\"elementor-widget-container\">\n\t\t\t\t\t\t\t\t\t<p><b>Qualifikationen<\/b><\/p><ul><li><span class=\"fl-heading-text\">Degree in electrical engineering, PhD<\/span><\/li><li><span class=\"fl-heading-text\">&gt;25 years corporate experience<\/span><\/li><li><span class=\"fl-heading-text\">Executive roles since 2007<\/span><\/li><li><span class=\"fl-heading-text\">More than 15 years of personnel responsibility in various global leadership roles, managing over 100 employees<\/span><\/li><li><span class=\"fl-heading-text\">Active participation in several restructuring projects<br \/>Personnel recruitment, conducting numerous interviews<\/span><\/li><li><span class=\"fl-heading-text\"><a href=\"http:\/\/www.dbvc.de\">DBVC<\/a> ertified coaching training based on the <a href=\"https:\/\/metatheorie-der-veraenderung.info\/\" target=\"_blank\" rel=\"noopener\">Metatheorie of Change<\/a> (Hephaistos Coaching-Center)<br \/><\/span><\/li><li class=\"translation-block\"><a href=\"https:\/\/www.dbvc.de\/\" target=\"_self\">DBVC<\/a> Associate Coach<\/li><\/ul>\t\t\t\t\t\t\t\t<\/div>\n\t\t\t\t<\/div>\n\t\t\t\t<\/div>\n\t\t\t\t\t<\/div>\n\t\t\t\t<\/div>\n\t\t<div class=\"elementor-element elementor-element-6c1625c e-flex e-con-boxed e-con e-parent\" data-id=\"6c1625c\" data-element_type=\"container\" data-e-type=\"container\" data-settings=\"{&quot;background_background&quot;:&quot;classic&quot;}\">\n\t\t\t\t\t<div class=\"e-con-inner\">\n\t\t<div class=\"elementor-element elementor-element-9b42f9b e-con-full e-flex e-con e-child\" data-id=\"9b42f9b\" data-element_type=\"container\" data-e-type=\"container\">\n\t\t\t\t<div class=\"elementor-element elementor-element-a915c8b elementor-widget elementor-widget-heading\" data-id=\"a915c8b\" data-element_type=\"widget\" data-e-type=\"widget\" data-widget_type=\"heading.default\">\n\t\t\t\t<div class=\"elementor-widget-container\">\n\t\t\t\t\t<h2 class=\"elementor-heading-title elementor-size-default\">My own path to more autonomy and ease<\/h2>\t\t\t\t<\/div>\n\t\t\t\t<\/div>\n\t\t\t\t<div class=\"elementor-element elementor-element-cb5593f elementor-widget elementor-widget-text-editor\" data-id=\"cb5593f\" data-element_type=\"widget\" data-e-type=\"widget\" data-widget_type=\"text-editor.default\">\n\t\t\t\t<div class=\"elementor-widget-container\">\n\t\t\t\t\t\t\t\t\t<p>I am humorous, relaxed and curious. Colleagues describe me as inspiring confidence and open to other points of view and perspectives. I like complex relationships, in-depth discussions and love to explore the limits of what is possible - and to go beyond them.<\/p><p>All of this has helped me to deal with the many challenges I have faced in my 25-year corporate career. I have held various executive positions, most recently managing 150 employees. In my various roles, I have shape major changes and celebrated successes, but I also had to master a number of crises and difficult situations.<\/p>\t\t\t\t\t\t\t\t<\/div>\n\t\t\t\t<\/div>\n\t\t\t\t<\/div>\n\t\t<div class=\"elementor-element elementor-element-a6089b8 e-con-full e-flex e-con e-child\" data-id=\"a6089b8\" data-element_type=\"container\" data-e-type=\"container\">\n\t\t\t\t<div class=\"elementor-element elementor-element-becd91e elementor-widget elementor-widget-text-editor\" data-id=\"becd91e\" data-element_type=\"widget\" data-e-type=\"widget\" data-widget_type=\"text-editor.default\">\n\t\t\t\t<div class=\"elementor-widget-container\">\n\t\t\t\t\t\t\t\t\t<p>For many years, I supported colleagues in the Group as a mentor on their career path. During this support, it became increasingly clear to me that professional success requires more than just professional experience. Rather, personal and social skills are required, which can hardly be learned, but only developed. These observations inspired me to give my interest in personal development a professional foundation. So in 2016, I began several years of coaching training.<\/p><p>During my coach training, I was repeatedly challenged to confront my own issues. This was not always pleasant. However, it made me realize that many of my difficulties were self-created, and that I have the power to change them. Experiencing this was and continues to be extraordinarily motivating and inspiring for me. Today, I joyfully assist individuals who want to experience the same, seeking to gain more freedom and ease in their lives.<\/p>\t\t\t\t\t\t\t\t<\/div>\n\t\t\t\t<\/div>\n\t\t\t\t<\/div>\n\t\t\t\t\t<\/div>\n\t\t\t\t<\/div>\n\t\t\t\t<\/div>","protected":false},"excerpt":{"rendered":"<p>\u00dcber mich Dr.-Ing. Matthias von Daak Qualifikationen Studium der Elektrotechnik, Promotion &gt;25 Jahre Konzernerfahrung Leitender Angestellter seit 2007 Mehr als 15 Jahre Personalverantwortung verschiedene globale F\u00fchrungsfunktionen, &gt;100 Mitarbeiter Mitgestaltung mehrerer RestrukturierungenPersonalakquisition, Durchf\u00fchrung zahlreicher Interviews DBVC Zertifizierte Coachingausbildung auf der Basis der Metatheorie der Ver\u00e4nderung (Hephaistos Coaching-Zentrum) DBVC Associate Coach Mein eigener Weg zu mehr Autonomie [&hellip;]<\/p>\n","protected":false},"author":1,"featured_media":0,"parent":0,"menu_order":0,"comment_status":"closed","ping_status":"closed","template":"elementor_header_footer","meta":{"footnotes":""},"class_list":["post-76","page","type-page","status-publish","hentry"],"_links":{"self":[{"href":"https:\/\/matthiasvondaak.de\/en\/wp-json\/wp\/v2\/pages\/76","targetHints":{"allow":["GET"]}}],"collection":[{"href":"https:\/\/matthiasvondaak.de\/en\/wp-json\/wp\/v2\/pages"}],"about":[{"href":"https:\/\/matthiasvondaak.de\/en\/wp-json\/wp\/v2\/types\/page"}],"author":[{"embeddable":true,"href":"https:\/\/matthiasvondaak.de\/en\/wp-json\/wp\/v2\/users\/1"}],"replies":[{"embeddable":true,"href":"https:\/\/matthiasvondaak.de\/en\/wp-json\/wp\/v2\/comments?post=76"}],"version-history":[{"count":10,"href":"https:\/\/matthiasvondaak.de\/en\/wp-json\/wp\/v2\/pages\/76\/revisions"}],"predecessor-version":[{"id":2926,"href":"https:\/\/matthiasvondaak.de\/en\/wp-json\/wp\/v2\/pages\/76\/revisions\/2926"}],"wp:attachment":[{"href":"https:\/\/matthiasvondaak.de\/en\/wp-json\/wp\/v2\/media?parent=76"}],"curies":[{"name":"wp","href":"https:\/\/api.w.org\/{rel}","templated":true}]}}